{"id":21,"date":"2021-02-03T01:53:29","date_gmt":"2021-02-03T01:53:29","guid":{"rendered":"http:\/\/www.administracionpublica.utalca.cl\/?page_id=21"},"modified":"2024-04-10T16:39:23","modified_gmt":"2024-04-10T16:39:23","slug":"nosotros","status":"publish","type":"page","link":"https:\/\/www.administracionpublica.utalca.cl\/?page_id=21","title":{"rendered":"Nosotros"},"content":{"rendered":"\r\n<h1>Escuela de Ciencia Pol\u00edtica y Administraci\u00f3n P\u00fablica<\/h1>\r\n\r\n\r\n\r\n<p>Administraci\u00f3n P\u00fablica una carrera de la <strong><a href=\"http:\/\/www.juridicasysociales.utalca.cl\/\">Facultad de Ciencias Jur\u00eddicas y Sociales<\/a><\/strong> de la Universidad de Talca que es ofrecida en los campus Santiago y Talca. A partir de 2013, como parte de los programas de pregrado en ciencias sociales que esta \u00faltima pone a disposici\u00f3n de los estudiantes de la Regi\u00f3n Metropolitana, de regiones aleda\u00f1as y del pa\u00eds en general. Como todas las carreras que imparte la Universidad de Talca, \u00e9sta se identi\ufb01ca por su car\u00e1cter p\u00fablico y sin \ufb01nes de lucro, por el sello de la excelencia acad\u00e9mica y por entregar una formaci\u00f3n plural, tolerante y laica. Desde 2018 se inaugura la Escuela en Talca, bajo el compromiso de fortalecer el debate en ciencias administrativas y pol\u00edticas desde las regiones.<\/p>\r\n\r\n\r\n\r\n<p>Cada Escuela es dirigida por un Director de Escuela, quien es profesor de planta, dedicado preferentemente a la gesti\u00f3n del plan de formaci\u00f3n en sus aspectos administrativos y docentes.<\/p>\r\n\r\n\r\n\r\n<p>El desarrollo de las disciplinas pol\u00edticas y de la administraci\u00f3n p\u00fablica, fluyen a trav\u00e9s de la investigaci\u00f3n promovida por la Universidad, y canalizada particularmente por medio del Departamento de Ciencia Pol\u00edtica y Administraci\u00f3n P\u00fablica.<\/p>\r\n\r\n\r\n\r\n<p><strong>Plan de Formaci\u00f3n<\/strong><\/p>\r\n\r\n\r\n\r\n<p>Luego de a\u00f1os de plani\ufb01caci\u00f3n y an\u00e1lisis, la Universidad de Talca asumi\u00f3 un proceso de transformaci\u00f3n curricular en 2005, tendiente a establecer un curr\u00edculo basado en competencias. Para ello aprob\u00f3 el per\ufb01l gen\u00e9rico y la estructura curricular del grado de licenciado y del t\u00edtulo profesional; de\ufb01ni\u00f3 a nivel central las etapas de todo plan de formaci\u00f3n; las \u00e1reas de formaci\u00f3n, y la determinaci\u00f3n y distribuci\u00f3n de los cr\u00e9ditos ECTS (European Credit Transfer System).<\/p>\r\n\r\n\r\n\r\n<p>De acuerdo a lo anterior, la Universidad de Talca estableci\u00f3 el plan de formaci\u00f3n de la carrera de Administraci\u00f3n P\u00fablica, la que se basa en el aprendizaje por competencias y consta de diez semestres acad\u00e9micos conducentes al t\u00edtulo de Administrador P\u00fablico, con previa obtenci\u00f3n del grado de Licenciado en Ciencia Pol\u00edtica y Administraci\u00f3n P\u00fablica al octavo semestre de la carrera.<\/p>\r\n\r\n\r\n\r\n<p>La carrera se despliega a trav\u00e9s diez semestres acad\u00e9micos sobre la base de las \u00e1reas profesionales de Teor\u00eda Pol\u00edtica, Pol\u00edtica Comparada e Internacional, Administraci\u00f3n P\u00fablica (incluida la Pol\u00edtica P\u00fablica) y M\u00e9todos de Investigaci\u00f3n Social, a los que se agregan m\u00f3dulos espec\u00ed\ufb01cos de formaci\u00f3n fundamental (PFF), de ingl\u00e9s, de integraci\u00f3n y actividades de titulaci\u00f3n.<\/p>\r\n\r\n\r\n\r\n<p>En el transcurso de la carrera el estudiante tendr\u00e1 la oportunidad de aprender, profundizar e investigar temas y t\u00f3picos relevantes del pensamiento pol\u00edtico universal, de los diversos sistemas pol\u00edticos existentes a nivel mundial, de las relaciones internacionales, la administraci\u00f3n p\u00fablica y las pol\u00edticas p\u00fablicas, especialmente mediante m\u00f3dulos de formaci\u00f3n b\u00e1sica, disciplinaria y electivos contemplados en el plan de formaci\u00f3n. El total de los cr\u00e9ditos de la carrera asciende a 302 cr\u00e9ditos ECTS, incluyendo los correspondientes a deportes.<\/p>\r\n<p>Conoce los detalles de nuestro plan de estudios <a href=\"https:\/\/www.administracionpublica.utalca.cl\/wp-content\/uploads\/2023\/05\/Malla-Administracion-Publica.pdf\">aqu\u00ed<\/a>.\u00a0<\/p>\r\n\r\n\r\n","protected":false},"excerpt":{"rendered":"<p>Escuela de Ciencia Pol\u00edtica y Administraci\u00f3n P\u00fablica Administraci\u00f3n P\u00fablica una carrera de la Facultad de Ciencias Jur\u00eddicas y Sociales de la Universidad de Talca que es ofrecida en los campus Santiago y Talca. A partir de 2013, como parte de los programas de pregrado en ciencias sociales que esta \u00faltima pone a disposici\u00f3n de los [&hellip;]<\/p>\n","protected":false},"author":1,"featured_media":0,"parent":0,"menu_order":0,"comment_status":"closed","ping_status":"closed","template":"page-nosotros.php","meta":[],"_links":{"self":[{"href":"https:\/\/www.administracionpublica.utalca.cl\/index.php?rest_route=\/wp\/v2\/pages\/21"}],"collection":[{"href":"https:\/\/www.administracionpublica.utalca.cl\/index.php?rest_route=\/wp\/v2\/pages"}],"about":[{"href":"https:\/\/www.administracionpublica.utalca.cl\/index.php?rest_route=\/wp\/v2\/types\/page"}],"author":[{"embeddable":true,"href":"https:\/\/www.administracionpublica.utalca.cl\/index.php?rest_route=\/wp\/v2\/users\/1"}],"replies":[{"embeddable":true,"href":"https:\/\/www.administracionpublica.utalca.cl\/index.php?rest_route=%2Fwp%2Fv2%2Fcomments&post=21"}],"version-history":[{"count":25,"href":"https:\/\/www.administracionpublica.utalca.cl\/index.php?rest_route=\/wp\/v2\/pages\/21\/revisions"}],"predecessor-version":[{"id":1422,"href":"https:\/\/www.administracionpublica.utalca.cl\/index.php?rest_route=\/wp\/v2\/pages\/21\/revisions\/1422"}],"wp:attachment":[{"href":"https:\/\/www.administracionpublica.utalca.cl\/index.php?rest_route=%2Fwp%2Fv2%2Fmedia&parent=21"}],"curies":[{"name":"wp","href":"https:\/\/api.w.org\/{rel}","templated":true}]}}