{"id":28,"date":"2021-02-03T01:54:26","date_gmt":"2021-02-03T01:54:26","guid":{"rendered":"http:\/\/www.administracionpublica.utalca.cl\/?page_id=28"},"modified":"2023-06-09T20:18:50","modified_gmt":"2023-06-09T20:18:50","slug":"normativas","status":"publish","type":"page","link":"https:\/\/www.administracionpublica.utalca.cl\/?page_id=28","title":{"rendered":"Normativas"},"content":{"rendered":"\r\n<p>La carrera de Administraci\u00f3n P\u00fablica es ofrecida en los campus Santiago y Talca. A partir de 2013, como parte de los programas de pregrado en ciencias sociales que esta \u00faltima pone a disposici\u00f3n de los estudiantes de la Regi\u00f3n Metropolitana, de regiones aleda\u00f1as y del pa\u00eds en general. Como todas las carreras que imparte la Universidad de Talca, \u00e9sta se identi\ufb01ca por su car\u00e1cter p\u00fablico y sin \ufb01nes de lucro, por el sello de la excelencia acad\u00e9mica y por entregar una formaci\u00f3n plural, tolerante y laica. Desde 2018 se inaugura la Escuela en Talca, bajo el compromiso de fortalecer el debate en ciencias administrativas y pol\u00edticas desde las regiones.<\/p>\r\n\r\n\r\n\r\n<p>Cada Escuela es dirigida por un Director de Escuela, quien es profesor de planta, dedicado preferentemente a la gesti\u00f3n del plan de formaci\u00f3n en sus aspectos administrativos y docentes.<\/p>\r\n","protected":false},"excerpt":{"rendered":"<p>La carrera de Administraci\u00f3n P\u00fablica es ofrecida en los campus Santiago y Talca. A partir de 2013, como parte de los programas de pregrado en ciencias sociales que esta \u00faltima pone a disposici\u00f3n de los estudiantes de la Regi\u00f3n Metropolitana, de regiones aleda\u00f1as y del pa\u00eds en general. Como todas las carreras que imparte la [&hellip;]<\/p>\n","protected":false},"author":1,"featured_media":0,"parent":0,"menu_order":0,"comment_status":"closed","ping_status":"closed","template":"page-normativas.php","meta":[],"_links":{"self":[{"href":"https:\/\/www.administracionpublica.utalca.cl\/index.php?rest_route=\/wp\/v2\/pages\/28"}],"collection":[{"href":"https:\/\/www.administracionpublica.utalca.cl\/index.php?rest_route=\/wp\/v2\/pages"}],"about":[{"href":"https:\/\/www.administracionpublica.utalca.cl\/index.php?rest_route=\/wp\/v2\/types\/page"}],"author":[{"embeddable":true,"href":"https:\/\/www.administracionpublica.utalca.cl\/index.php?rest_route=\/wp\/v2\/users\/1"}],"replies":[{"embeddable":true,"href":"https:\/\/www.administracionpublica.utalca.cl\/index.php?rest_route=%2Fwp%2Fv2%2Fcomments&post=28"}],"version-history":[{"count":5,"href":"https:\/\/www.administracionpublica.utalca.cl\/index.php?rest_route=\/wp\/v2\/pages\/28\/revisions"}],"predecessor-version":[{"id":1004,"href":"https:\/\/www.administracionpublica.utalca.cl\/index.php?rest_route=\/wp\/v2\/pages\/28\/revisions\/1004"}],"wp:attachment":[{"href":"https:\/\/www.administracionpublica.utalca.cl\/index.php?rest_route=%2Fwp%2Fv2%2Fmedia&parent=28"}],"curies":[{"name":"wp","href":"https:\/\/api.w.org\/{rel}","templated":true}]}}